{"id":71,"date":"2025-01-09T18:23:28","date_gmt":"2025-01-09T18:23:28","guid":{"rendered":"https:\/\/winni1.de\/wrdp\/?page_id=71"},"modified":"2025-01-09T19:06:41","modified_gmt":"2025-01-09T19:06:41","slug":"impressum","status":"publish","type":"page","link":"https:\/\/winni1.de\/wrdp\/index.php\/impressum\/","title":{"rendered":"Impressum"},"content":{"rendered":"\n<p>J\u00f6rg Thiem<br>Schulstra\u00dfe 31<br>17495 Karlsburg<br>Deutschland<\/p>\n\n\n\n<p>Tel.: +491603718164<br>E-Mail: xthiem(at)winni1.de<\/p>\n\n\n\n<p>USt. wird nicht ausgewiesen (Kleinunternehmerregelung)<\/p>\n\n\n\n<p>Hinweise:<\/p>\n\n\n\n<p>Kleinunternehmer i. S. v. \u00a7 19 Abs. 1 UStG haben ein Wahlrecht, ob sie Umsatzsteuer abf\u00fchren wollen. Entscheiden sie sich gegen die Abf\u00fchrung, ben\u00f6tigen sie grunds\u00e4tzlich keine Umsatzsteuer-Identifikationsnummer. Verf\u00fcgen sie \u00fcber keine Umsatzsteuer-Identifikationsnummer, m\u00fcssen sie auch im Impressum keine solche angeben. Hinzu kommt, dass Kleinunternehmer h\u00e4ufig nicht ins Handelsregister eingetragen sind, so dass auch insoweit keine Angaben erforderlich sind. Besteht allerdings eine Registereintragung oder wurde eine Umsatzsteuer-Identifikationsnummer erteilt, sind die entsprechenden Angaben zu machen. Das Muster geht davon aus, dass keine Umsatzsteuer-Identifikationsnummer vorliegt und dass der Betreiber der Internetseite nicht ins Handelsregister eingetragen ist. F\u00fcr das Muster wurde ferner von einem journalistisch-redaktionell gestalteten Angebot ausgegangen, so dass die Anbieterkennzeichnung nach \u00a7 18 Abs. 2 MStV gesondert aufgenommen wurde.<\/p>\n","protected":false},"excerpt":{"rendered":"<p>J\u00f6rg ThiemSchulstra\u00dfe 3117495 KarlsburgDeutschland Tel.: +491603718164E-Mail: xthiem(at)winni1.de USt. wird nicht ausgewiesen (Kleinunternehmerregelung) Hinweise: Kleinunternehmer i. S. v. \u00a7 19 Abs. 1 UStG haben ein Wahlrecht, ob sie Umsatzsteuer abf\u00fchren wollen. Entscheiden sie sich gegen die Abf\u00fchrung, ben\u00f6tigen sie grunds\u00e4tzlich keine &hellip; <a href=\"https:\/\/winni1.de\/wrdp\/index.php\/impressum\/\">Weiterlesen <span class=\"meta-nav\">&rarr;<\/span><\/a><\/p>\n","protected":false},"author":1,"featured_media":0,"parent":0,"menu_order":0,"comment_status":"closed","ping_status":"closed","template":"","meta":{"footnotes":""},"class_list":["post-71","page","type-page","status-publish","hentry"],"_links":{"self":[{"href":"https:\/\/winni1.de\/wrdp\/index.php\/wp-json\/wp\/v2\/pages\/71","targetHints":{"allow":["GET"]}}],"collection":[{"href":"https:\/\/winni1.de\/wrdp\/index.php\/wp-json\/wp\/v2\/pages"}],"about":[{"href":"https:\/\/winni1.de\/wrdp\/index.php\/wp-json\/wp\/v2\/types\/page"}],"author":[{"embeddable":true,"href":"https:\/\/winni1.de\/wrdp\/index.php\/wp-json\/wp\/v2\/users\/1"}],"replies":[{"embeddable":true,"href":"https:\/\/winni1.de\/wrdp\/index.php\/wp-json\/wp\/v2\/comments?post=71"}],"version-history":[{"count":4,"href":"https:\/\/winni1.de\/wrdp\/index.php\/wp-json\/wp\/v2\/pages\/71\/revisions"}],"predecessor-version":[{"id":77,"href":"https:\/\/winni1.de\/wrdp\/index.php\/wp-json\/wp\/v2\/pages\/71\/revisions\/77"}],"wp:attachment":[{"href":"https:\/\/winni1.de\/wrdp\/index.php\/wp-json\/wp\/v2\/media?parent=71"}],"curies":[{"name":"wp","href":"https:\/\/api.w.org\/{rel}","templated":true}]}}